{"id":752,"date":"2022-03-25T10:06:40","date_gmt":"2022-03-25T10:06:40","guid":{"rendered":"https:\/\/setn2024.itq.webs.upv.es\/committees\/"},"modified":"2024-04-17T08:05:59","modified_gmt":"2024-04-17T08:05:59","slug":"committees","status":"publish","type":"page","link":"https:\/\/setn2024.itq.webs.upv.es\/en\/committees\/","title":{"rendered":"COMMITTEES"},"content":{"rendered":"<div id='av_section_1'  class='avia-section av-av_section-2dcb3d115e2e5af9a73072e0505910f8 main_color avia-section-default avia-no-border-styling  avia-builder-el-0  el_before_av_section  avia-builder-el-first  avia-bg-style-scroll container_wrap fullsize'  ><div class='container av-section-cont-open' ><main  role=\"main\" itemprop=\"mainContentOfPage\"  class='template-page content  av-content-full alpha units'><div class='post-entry post-entry-type-page post-entry-752'><div class='entry-content-wrapper clearfix'>\n\n<style type=\"text\/css\" data-created_by=\"avia_inline_auto\" id=\"style-css-av-av_image-a5cd0e8955031d1b8f57ef913dfa1802\">\n.avia-image-container.av-av_image-a5cd0e8955031d1b8f57ef913dfa1802 .av-image-caption-overlay-center{\ncolor:#ffffff;\n}\n<\/style>\n<div  class='avia-image-container av-av_image-a5cd0e8955031d1b8f57ef913dfa1802 av-styling- avia-align-center  avia-builder-el-1  avia-builder-el-no-sibling '  itemprop=\"image\" itemscope=\"itemscope\" itemtype=\"https:\/\/schema.org\/ImageObject\" ><div class=\"avia-image-container-inner\"><div class=\"avia-image-overlay-wrap\"><img decoding=\"async\" class='wp-image-1920 avia-img-lazy-loading-not-1920 avia_image' src=\"https:\/\/setn2024.itq.webs.upv.es\/wp-content\/uploads\/2024\/02\/SETN-azulnuevo.jpg\" alt='' title='SETN-azulnuevo'  height=\"630\" width=\"1417\"  itemprop=\"thumbnailUrl\" srcset=\"https:\/\/setn2024.itq.webs.upv.es\/wp-content\/uploads\/2024\/02\/SETN-azulnuevo.jpg 1417w, https:\/\/setn2024.itq.webs.upv.es\/wp-content\/uploads\/2024\/02\/SETN-azulnuevo-300x133.jpg 300w, https:\/\/setn2024.itq.webs.upv.es\/wp-content\/uploads\/2024\/02\/SETN-azulnuevo-1030x458.jpg 1030w, https:\/\/setn2024.itq.webs.upv.es\/wp-content\/uploads\/2024\/02\/SETN-azulnuevo-768x341.jpg 768w, https:\/\/setn2024.itq.webs.upv.es\/wp-content\/uploads\/2024\/02\/SETN-azulnuevo-705x313.jpg 705w\" sizes=\"(max-width: 1417px) 100vw, 1417px\" \/><\/div><\/div><\/div>\n\n<\/div><\/div><\/main><!-- close content main element --><\/div><\/div><div id='av_section_2'  class='avia-section av-av_section-2dcb3d115e2e5af9a73072e0505910f8 main_color avia-section-default avia-no-border-styling  avia-builder-el-2  el_after_av_section  el_before_av_section  avia-bg-style-scroll container_wrap fullsize'  ><div class='container av-section-cont-open' ><div class='template-page content  av-content-full alpha units'><div class='post-entry post-entry-type-page post-entry-752'><div class='entry-content-wrapper clearfix'>\n<div class='flex_column av-av_one_half-a93934ecd89fbb8a9566d39e89cd3725 av_one_half  avia-builder-el-3  el_before_av_one_half  avia-builder-el-first  first flex_column_div '   ><p>\n<style type=\"text\/css\" data-created_by=\"avia_inline_auto\" id=\"style-css-av-l1byz2yi-2e64794cc3500ed7f48639a524486cac\">\n#top .av-special-heading.av-l1byz2yi-2e64794cc3500ed7f48639a524486cac{\npadding-bottom:10px;\ncolor:#02a5f6;\nfont-size:30px;\n}\nbody .av-special-heading.av-l1byz2yi-2e64794cc3500ed7f48639a524486cac .av-special-heading-tag .heading-char{\nfont-size:25px;\n}\n#top #wrap_all .av-special-heading.av-l1byz2yi-2e64794cc3500ed7f48639a524486cac .av-special-heading-tag{\nfont-size:30px;\n}\n.av-special-heading.av-l1byz2yi-2e64794cc3500ed7f48639a524486cac .special-heading-inner-border{\nborder-color:#02a5f6;\n}\n.av-special-heading.av-l1byz2yi-2e64794cc3500ed7f48639a524486cac .av-subheading{\nfont-size:15px;\n}\n<\/style>\n<div  class='av-special-heading av-l1byz2yi-2e64794cc3500ed7f48639a524486cac av-special-heading-h5 custom-color-heading blockquote modern-quote  avia-builder-el-4  el_before_av_hr  avia-builder-el-first  av-inherit-size'><h5 class='av-special-heading-tag'  itemprop=\"headline\"  >Local Committee<\/h5><div class=\"special-heading-border\"><div class=\"special-heading-inner-border\"><\/div><\/div><\/div><br \/>\n\n<style type=\"text\/css\" data-created_by=\"avia_inline_auto\" id=\"style-css-av-av_hr-3a876428eececa9d35452247ddb053af\">\n#top .hr.hr-invisible.av-av_hr-3a876428eececa9d35452247ddb053af{\nheight:50px;\n}\n<\/style>\n<div  class='hr av-av_hr-3a876428eececa9d35452247ddb053af hr-invisible  avia-builder-el-5  el_after_av_heading  el_before_av_textblock '><span class='hr-inner '><span class=\"hr-inner-style\"><\/span><\/span><\/div><br \/>\n<section  class='av_textblock_section av-lv3j0ea4-11bddca8033f2e7cf0bb2c13eeb294c3'  itemscope=\"itemscope\" itemtype=\"https:\/\/schema.org\/CreativeWork\" ><div class='avia_textblock'  itemprop=\"text\" ><ul>\n<li style=\"font-weight: 400;\">\n<h3>\u00a0\u00a0\u00a0 Teresa Blasco (ITQ, UPV-CSIC)<\/h3>\n<\/li>\n<li style=\"font-weight: 400;\">\n<h3>\u00a0\u00a0\u00a0 M\u00f3nica Jim\u00e9nez-Ruiz (ILL, Grenoble)<\/h3>\n<\/li>\n<li style=\"font-weight: 400;\">\n<h3>\u00a0\u00a0\u00a0 Guillermo M\u00ednguez (ICMol, UV)<\/h3>\n<\/li>\n<li style=\"font-weight: 400;\">\n<h3>\u00a0\u00a0\u00a0 Miguel Palomino (ITQ, UPV-CSIC)<\/h3>\n<\/li>\n<li style=\"font-weight: 400;\">\n<h3>\u00a0\u00a0\u00a0 Sonia Remiro (ITQ, UPV-CSIC)<\/h3>\n<\/li>\n<li style=\"font-weight: 400;\">\n<h3>\u00a0\u00a0\u00a0 Fernando Rey (ITQ, UPV-CSIC)<\/h3>\n<\/li>\n<li style=\"font-weight: 400;\">\n<h3>\u00a0\u00a0\u00a0 Germ\u00e1n Sastre (ITQ, UPV-CSIC)<\/h3>\n<\/li>\n<li style=\"font-weight: 400;\">\n<h3>\u00a0\u00a0\u00a0 Susana Valencia (ITQ, UPV-CSIC)<\/h3>\n<\/li>\n<\/ul>\n<\/div><\/section><\/p><\/div><div class='flex_column av-av_one_half-d06667205e6186ec8414c6eb7605d406 av_one_half  avia-builder-el-7  el_after_av_one_half  avia-builder-el-last  flex_column_div '   ><p>\n<style type=\"text\/css\" data-created_by=\"avia_inline_auto\" id=\"style-css-av-l1bz0hl1-cd92d8496abbbe21792db0bdaade4ba1\">\n#top .av-special-heading.av-l1bz0hl1-cd92d8496abbbe21792db0bdaade4ba1{\npadding-bottom:10px;\ncolor:#02a5f6;\nfont-size:30px;\n}\nbody .av-special-heading.av-l1bz0hl1-cd92d8496abbbe21792db0bdaade4ba1 .av-special-heading-tag .heading-char{\nfont-size:25px;\n}\n#top #wrap_all .av-special-heading.av-l1bz0hl1-cd92d8496abbbe21792db0bdaade4ba1 .av-special-heading-tag{\nfont-size:30px;\n}\n.av-special-heading.av-l1bz0hl1-cd92d8496abbbe21792db0bdaade4ba1 .special-heading-inner-border{\nborder-color:#02a5f6;\n}\n.av-special-heading.av-l1bz0hl1-cd92d8496abbbe21792db0bdaade4ba1 .av-subheading{\nfont-size:15px;\n}\n<\/style>\n<div  class='av-special-heading av-l1bz0hl1-cd92d8496abbbe21792db0bdaade4ba1 av-special-heading-h5 custom-color-heading blockquote modern-quote  avia-builder-el-8  el_before_av_hr  avia-builder-el-first  av-inherit-size'><h5 class='av-special-heading-tag'  itemprop=\"headline\"  >Scientific Committee<\/h5><div class=\"special-heading-border\"><div class=\"special-heading-inner-border\"><\/div><\/div><\/div><br \/>\n\n<style type=\"text\/css\" data-created_by=\"avia_inline_auto\" id=\"style-css-av-av_hr-3a876428eececa9d35452247ddb053af\">\n#top .hr.hr-invisible.av-av_hr-3a876428eececa9d35452247ddb053af{\nheight:50px;\n}\n<\/style>\n<div  class='hr av-av_hr-3a876428eececa9d35452247ddb053af hr-invisible  avia-builder-el-9  el_after_av_heading  el_before_av_textblock '><span class='hr-inner '><span class=\"hr-inner-style\"><\/span><\/span><\/div><br \/>\n<section  class='av_textblock_section av-av_textblock-e878f05c31dff72941bf1e49a00d9ff5'  itemscope=\"itemscope\" itemtype=\"https:\/\/schema.org\/CreativeWork\" ><div class='avia_textblock'  itemprop=\"text\" ><ul>\n<li>\n<h3>Estefan\u00eda Abad, (ESS-Bilbao, Derio)<\/h3>\n<\/li>\n<li>\n<h3>F\u00e9lix Fern\u00e1ndez Alonso (UPV-EHU, San Sebasti\u00e1n)<\/h3>\n<\/li>\n<li>\n<h3>Luis Fern\u00e1ndez Barqu\u00edn, (U Cantabria)<\/h3>\n<\/li>\n<li>\n<h3>Maria Teresa Fern\u00e1ndez D\u00edaz (ILL, Grenoble)<\/h3>\n<\/li>\n<li>\n<h3>Jos\u00e9 Luis Garc\u00eda Mu\u00f1oz, (ICMAB, Barcelona)<\/h3>\n<\/li>\n<li>\n<h3>Victoria Garc\u00eda Sakai, RAL-ISIS, Didcot, UK<\/h3>\n<\/li>\n<li>\n<h3>Jos\u00e9 Mar\u00eda Porro Azpiazu, (BCMaterials, Bilbao)<\/h3>\n<\/li>\n<li>\n<h3>Elena Solana Madruga, (UCM, Madrid)<\/h3>\n<\/li>\n<li>\n<h3>Antonio Urbina Yeregui, Antonio (UPNA, Pamplona)<\/h3>\n<\/li>\n<\/ul>\n<\/div><\/section><\/p><\/div>\n\n<\/div><\/div><\/div><!-- close content main div --><\/div><\/div>\n<style type=\"text\/css\" data-created_by=\"avia_inline_auto\" id=\"style-css-av-av_section-3fd14198ca6a0e5c281248439e3a9557\">\n.avia-section.av-av_section-3fd14198ca6a0e5c281248439e3a9557{\nbackground-color:#f8f8f8;\nbackground-repeat:no-repeat;\nbackground-image:url(https:\/\/setn2024.itq.webs.upv.es\/wp-content\/uploads\/2024\/02\/Banner2bajo.jpg);\nbackground-position:50% 50%;\nbackground-attachment:fixed;\n}\n.avia-section.av-av_section-3fd14198ca6a0e5c281248439e3a9557 .av-section-color-overlay{\nopacity:0.5;\nbackground-color:#ffffff;\n}\n<\/style>\n<div id='who'  class='avia-section av-av_section-3fd14198ca6a0e5c281248439e3a9557 main_color avia-section-huge avia-no-border-styling  avia-builder-el-11  el_after_av_section  avia-builder-el-last  avia-full-stretch avia-bg-style-fixed av-section-color-overlay-active av-minimum-height av-minimum-height-25  container_wrap fullsize'  data-section-bg-repeat='stretch' data-av_minimum_height_pc='25'><div class='av-section-color-overlay-wrap'><div class=\"av-section-color-overlay\"><\/div><div class='container av-section-cont-open' ><div class='template-page content  av-content-full alpha units'><div class='post-entry post-entry-type-page post-entry-752'><div class='entry-content-wrapper clearfix'>\n<div class='flex_column av-av_one_fourth-a93934ecd89fbb8a9566d39e89cd3725 av_one_fourth  avia-builder-el-12  el_before_av_one_half  avia-builder-el-first  first flex_column_div '   ><\/div><div class='flex_column av-av_one_half-d06667205e6186ec8414c6eb7605d406 av_one_half  avia-builder-el-13  el_after_av_one_fourth  el_before_av_one_fourth  flex_column_div '   ><form action=\"https:\/\/setn2024.itq.webs.upv.es\/en\/committees\/\" method=\"post\"  class=\"avia_ajax_form av-form-labels-visible   avia-builder-el-14  avia-builder-el-no-sibling  av-centered-form  av-custom-form-color av-dark-form \" data-avia-form-id=\"1\" data-avia-redirect='' ><fieldset><p class='  first_form  form_element form_element_half' id='element_avia_1_1'><label for=\"avia_1_1\">Name <abbr class=\"required\" title=\"required\">*<\/abbr><\/label> <input name=\"avia_1_1\" class=\"text_input is_empty\" type=\"text\" id=\"avia_1_1\" value=\"\" \/><\/p><p class='  form_element form_element_half' id='element_avia_2_1'><label for=\"avia_2_1\">E-Mail <abbr class=\"required\" title=\"required\">*<\/abbr><\/label> <input name=\"avia_2_1\" class=\"text_input is_email\" type=\"text\" id=\"avia_2_1\" value=\"\" \/><\/p><p class='  first_form  form_element form_element_half' id='element_avia_3_1'><label for=\"avia_3_1\">Institution <abbr class=\"required\" title=\"required\">*<\/abbr><\/label> <input name=\"avia_3_1\" class=\"text_input is_empty\" type=\"text\" id=\"avia_3_1\" value=\"\" \/><\/p><p class='  form_element form_element_half' id='element_avia_4_1'><label for=\"avia_4_1\">Country <abbr class=\"required\" title=\"required\">*<\/abbr><\/label> <input name=\"avia_4_1\" class=\"text_input is_empty\" type=\"text\" id=\"avia_4_1\" value=\"\" \/><\/p><p class='  first_form  form_element form_fullwidth av-last-visible-form-element' id='element_avia_5_1'><label for=\"avia_5_1\" class=\"textare_label hidden textare_label_avia_5_1\">Message <abbr class=\"required\" title=\"required\">*<\/abbr><\/label><textarea  name=\"avia_5_1\" class=\"text_area is_empty\" cols=\"40\" rows=\"7\" id=\"avia_5_1\" ><\/textarea><\/p><p class=\"hidden\"><input type=\"text\" name=\"avia_6_1\" class=\"hidden \" id=\"avia_6_1\" value=\"\" \/><\/p><p class=\"form_element \"><input type=\"hidden\" value=\"1\" name=\"avia_generated_form1\" \/><input type=\"submit\" value=\"Send\" class=\"button\"  data-sending-label=\"Sending\"\/><\/p><\/fieldset><\/form><div id=\"ajaxresponse_1\" class=\"ajaxresponse ajaxresponse_1 hidden\"><\/div><\/div><div class='flex_column av-av_one_fourth-d06667205e6186ec8414c6eb7605d406 av_one_fourth  avia-builder-el-15  el_after_av_one_half  avia-builder-el-last  flex_column_div '   ><\/div>\n\n","protected":false},"excerpt":{"rendered":"","protected":false},"author":2,"featured_media":0,"parent":0,"menu_order":0,"comment_status":"closed","ping_status":"closed","template":"","meta":{"footnotes":""},"class_list":["post-752","page","type-page","status-publish","hentry"],"_links":{"self":[{"href":"https:\/\/setn2024.itq.webs.upv.es\/en\/wp-json\/wp\/v2\/pages\/752","targetHints":{"allow":["GET"]}}],"collection":[{"href":"https:\/\/setn2024.itq.webs.upv.es\/en\/wp-json\/wp\/v2\/pages"}],"about":[{"href":"https:\/\/setn2024.itq.webs.upv.es\/en\/wp-json\/wp\/v2\/types\/page"}],"author":[{"embeddable":true,"href":"https:\/\/setn2024.itq.webs.upv.es\/en\/wp-json\/wp\/v2\/users\/2"}],"replies":[{"embeddable":true,"href":"https:\/\/setn2024.itq.webs.upv.es\/en\/wp-json\/wp\/v2\/comments?post=752"}],"version-history":[{"count":12,"href":"https:\/\/setn2024.itq.webs.upv.es\/en\/wp-json\/wp\/v2\/pages\/752\/revisions"}],"predecessor-version":[{"id":2317,"href":"https:\/\/setn2024.itq.webs.upv.es\/en\/wp-json\/wp\/v2\/pages\/752\/revisions\/2317"}],"wp:attachment":[{"href":"https:\/\/setn2024.itq.webs.upv.es\/en\/wp-json\/wp\/v2\/media?parent=752"}],"curies":[{"name":"wp","href":"https:\/\/api.w.org\/{rel}","templated":true}]}}